{"id":397,"date":"2022-02-24T13:44:27","date_gmt":"2022-02-24T13:44:27","guid":{"rendered":"https:\/\/wordpressriverthemes.com\/tanda-elem\/?page_id=397"},"modified":"2023-01-22T02:16:19","modified_gmt":"2023-01-21T23:16:19","slug":"services-version-one","status":"publish","type":"page","link":"https:\/\/datcombilisim.com\/?page_id=397","title":{"rendered":"Hizmetlerimiz"},"content":{"rendered":"\t\t<div data-elementor-type=\"wp-page\" data-elementor-id=\"397\" class=\"elementor elementor-397\">\n\t\t\t\t\t\t\t\t\t<section class=\"elementor-section elementor-top-section elementor-element elementor-element-8e22ae5 elementor-section-full_width elementor-section-height-default elementor-section-height-default\" data-id=\"8e22ae5\" data-element_type=\"section\">\n\t\t\t\t\t\t<div class=\"elementor-container elementor-column-gap-no\">\n\t\t\t\t\t<div class=\"elementor-column elementor-col-100 elementor-top-column elementor-element elementor-element-5121c85\" data-id=\"5121c85\" data-element_type=\"column\">\n\t\t\t<div class=\"elementor-widget-wrap elementor-element-populated\">\n\t\t\t\t\t\t\t\t<div class=\"elementor-element elementor-element-cb68c9d elementor-widget elementor-widget-services\" data-id=\"cb68c9d\" data-element_type=\"widget\" data-widget_type=\"services.default\">\n\t\t\t\t<div class=\"elementor-widget-container\">\n\t\t\t\n    <!-- Start Services \n    ============================================= -->\n    <div class=\"services-area default-padding bg-cover\">\n                <div class=\"container\">\n            <div class=\"row\">\n                <div class=\"col-lg-8 offset-lg-2\">\n                    <div class=\"site-heading text-center\">\n                        <h4>H\u0130ZMETLER\u0130M\u0130Z<\/h4>\n                        <h2>Sizlere S\u00fcrd\u00fcr\u00fclebilir \u00c7\u00f6z\u00fcmler Sunuyoruz...<\/h2>\n                    <\/div>\n                <\/div>\n            <\/div>\n        <\/div>\n                <div class=\"container\">\n            <div class=\"services-tabs\">\n                <ul id=\"tabs\" class=\"nav nav-tabs\">\n\n                \n                    <li class=\"nav-item\">\n                        <a href=\"\" data-target=\"#tab1\" data-toggle=\"tab\" class=\"active nav-link\">Kurumsal Servis Anla\u015fmas\u0131<\/a>\n                    <\/li>\n\n                \n                    <li class=\"nav-item\">\n                        <a href=\"\" data-target=\"#tab2\" data-toggle=\"tab\" class=\" nav-link\">A\u011f ve \u0130nternet \u00c7\u00f6z\u00fcmleri<\/a>\n                    <\/li>\n\n                \n                    <li class=\"nav-item\">\n                        <a href=\"\" data-target=\"#tab3\" data-toggle=\"tab\" class=\" nav-link\">\u0130nternet ve Veri G\u00fcvenli\u011fi (KVKK)<\/a>\n                    <\/li>\n\n                \n                    <li class=\"nav-item\">\n                        <a href=\"\" data-target=\"#tab4\" data-toggle=\"tab\" class=\" nav-link\">Sunucu ve Yedekleme \u00c7\u00f6z\u00fcmleri<\/a>\n                    <\/li>\n\n                \n                    <li class=\"nav-item\">\n                        <a href=\"\" data-target=\"#tab5\" data-toggle=\"tab\" class=\" nav-link\">Microsoft ve Autodesk \u00dcr\u00fcnleri  Lisanlamalar\u0131<\/a>\n                    <\/li>\n\n                \n                    <li class=\"nav-item\">\n                        <a href=\"\" data-target=\"#tab6\" data-toggle=\"tab\" class=\" nav-link\">Donan\u0131m ve Sarf Malzeme \u00c7\u00f6z\u00fcmleri<\/a>\n                    <\/li>\n\n                \n            <\/ul>\n                <div id=\"tabsContent\" class=\"tab-content wow fadeInUp\" data-wow-delay=\"0.5s\">\n\n                \n                    <div id=\"tab1\" class=\"tab-pane fade active show\">\n                        <div class=\"row\">\n                            <div class=\"col-lg-5 col-md-12 thumb\" style=\"background-image: url(https:\/\/wordpressriverthemes.com\/tanda-elem\/wp-content\/uploads\/2022\/02\/1-1.jpg);\"><\/div>\n                            <div class=\"col-lg-7 col-md-12 info\">\n                                <div class=\"content\">\n                                    <i class=\"flaticon-analytics\"><\/i>\n                                    <h2>Kurumsal Bilgi \u0130\u015flem \u00c7\u00f6z\u00fcmleri;<\/h2>\n                                    <p>\n                                        Kurumsal Bak\u0131m Anla\u015fmas\u0131, yap\u0131lan anla\u015fmaya g\u00f6re, mesai saatleri i\u00e7erisinde, Bilgisayar Donan\u0131m\u0131, i\u00e7inde bulunan yaz\u0131l\u0131mlar veya bilgisayar \u00e7evre birimleri ile ilgili herhangi bir sorun meydana geldi\u011finde veya herhangi bir sorun meydana gelmemesi i\u00e7in, bilgisayarlara m\u00fcdahale edilip, sorunlar\u0131n giderilmesi, gereken \u00f6nlemlerin al\u0131nmas\u0131 hizmetlerini kapsar. %100 m\u00fc\u015fteri memnuniyeti ama\u00e7lan\u0131r.                                    <\/p>\n                                    <ul>\n                                        <li>\u00d6ncelikli Bilgi \u0130\u015flem \u00c7\u00f6z\u00fcmleri.<\/li>\n                                        <li>Periyodik Ziyaretler ve Sistem Kontrol\u00fc.<\/li>\n                                        <li>\u00d6zel Fiyat Avantaj\u0131.<\/li>\n                                    <\/ul>\n                            \n                        <\/div>\n                            <\/div>\n                        <\/div>\n                    <\/div>\n\n                \n                    <div id=\"tab2\" class=\"tab-pane fade \">\n                        <div class=\"row\">\n                            <div class=\"col-lg-5 col-md-12 thumb\" style=\"background-image: url(https:\/\/datcombilisim.com\/wp-content\/uploads\/2023\/01\/slide3.jpg);\"><\/div>\n                            <div class=\"col-lg-7 col-md-12 info\">\n                                <div class=\"content\">\n                                    <i class=\"flaticon-reduction\"><\/i>\n                                    <h2>\u0130htiyac\u0131n\u0131za \u00d6zel \u0130nternet ve A\u011f \u00c7\u00f6z\u00fcmleri;<\/h2>\n                                    <p>\n                                        Bilgiye sa\u011fl\u0131kl\u0131 eri\u015fimin temeli olan a\u011f (network) yap\u0131s\u0131, t\u00fcm sistemin omurgas\u0131n\u0131 olu\u015fturmaktad\u0131r. Bilgisayar sistemlerinin h\u0131zl\u0131, sa\u011fl\u0131kl\u0131 ve problemsiz \u00e7al\u0131\u015fabilmesi i\u00e7in do\u011fru network tasar\u0131m\u0131 \u00e7ok \u00f6nemlidir. Datcom, topolojilerin olu\u015fturulmas\u0131, kullan\u0131lacak aktif\/pasif cihazlar\u0131n belirlenmesi, entegre edilmesi ve y\u00f6netilmesi alan\u0131nda alternatif \u00e7\u00f6z\u00fcm ve hizmetler sunar.\n\nEtkinlik ve toplant\u0131 alanlar\u0131nda  ihtiyaca y\u00f6nelik access point ve internet \u00e7\u00f6z\u00fcmlerimizi siz de\u011ferli m\u00fc\u015fterilerimize alternatifli olarak sunmaktay\u0131z. Bu alanda kendini ispat etmi\u015f markalarla i\u015f ortakl\u0131\u011f\u0131 yapmaktay\u0131z.                                    <\/p>\n                                    <ul>\n                                        <li>KVKK Y\u00f6netmeli\u011fine Uyumlu Sistemler.<\/li>\n                                        <li>H\u0131zl\u0131 ve Yedekli \u0130nternet Sistemleri.<\/li>\n                                        <li>Kullan\u0131c\u0131lar\u0131n Log&#039;lar\u0131n\u0131n Tutulmas\u0131.<\/li>\n                                    <\/ul>\n                            \n                        <\/div>\n                            <\/div>\n                        <\/div>\n                    <\/div>\n\n                \n                    <div id=\"tab3\" class=\"tab-pane fade \">\n                        <div class=\"row\">\n                            <div class=\"col-lg-5 col-md-12 thumb\" style=\"background-image: url(https:\/\/datcombilisim.com\/wp-content\/uploads\/2023\/01\/wifi.jpg);\"><\/div>\n                            <div class=\"col-lg-7 col-md-12 info\">\n                                <div class=\"content\">\n                                    <i class=\"flaticon-globe-grid\"><\/i>\n                                    <h2>\u0130\u015fletmenizi ve \u0130tibar\u0131n\u0131z\u0131 Siber Tehditlere Kar\u015f\u0131 Koruyun<\/h2>\n                                    <p>\n                                        Bilgiye sa\u011fl\u0131kl\u0131 eri\u015fimin temeli olan a\u011f (network) ve internet yap\u0131s\u0131, t\u00fcm sistemin omurgas\u0131n\u0131 olu\u015fturmaktad\u0131r. Bilgisayar sistemlerinin h\u0131zl\u0131, sa\u011fl\u0131kl\u0131 ve problemsiz \u00e7al\u0131\u015fabilmesi i\u00e7in do\u011fru network tasar\u0131m\u0131 \u00e7ok \u00f6nemlidir. Datcom, topolojilerin olu\u015fturulmas\u0131, kullan\u0131lacak aktif\/pasif cihazlar\u0131n belirlenmesi, entegre edilmesi ve y\u00f6netilmesi alan\u0131nda alternatif \u00e7\u00f6z\u00fcm ve hizmetler sunar.\n\nEtkinlik ve toplant\u0131 alanlar\u0131nda  ihtiyaca y\u00f6nelik access point ve internet \u00e7\u00f6z\u00fcmlerimizi siz de\u011ferli m\u00fc\u015fterilerimize alternatifli olarak sunmaktay\u0131z. Bu alanda kendini ispat etmi\u015f markalarla i\u015f ortakl\u0131\u011f\u0131 yapmaktay\u0131z.\nYasalara Uygun Loglama(5651)\n\nKVKK ve 5651 say\u0131l\u0131 yasalar\u0131n isterlerine uygun olarak geli\u015ftirilen cihazlar ile kay\u0131tlar\u0131n do\u011frulu\u011funu yasal olarak onaylanm\u0131\u015f zaman damgalar\u0131yla garanti alt\u0131na al\u0131r\u0131z. Verilerini KVKK&#039;n\u0131n belirtti\u011fi \u015fekilde korumayan i\u015fletmeler ise para ve idari cezalarla kar\u015f\u0131 kar\u015f\u0131ya kalabilmektedirler.                                    <\/p>\n                                    <ul>\n                                        <li>Veri G\u00fcvenli\u011fini Sa\u011flama ve Log Tutma.<\/li>\n                                        <li>Geli\u015fmi\u015f Wifi sistemleri ile kesintisiz internet.<\/li>\n                                        <li>Sald\u0131r\u0131lara kar\u015f\u0131 maksimum koruma.<\/li>\n                                    <\/ul>\n                            \n                        <\/div>\n                            <\/div>\n                        <\/div>\n                    <\/div>\n\n                \n                    <div id=\"tab4\" class=\"tab-pane fade \">\n                        <div class=\"row\">\n                            <div class=\"col-lg-5 col-md-12 thumb\" style=\"background-image: url(https:\/\/datcombilisim.com\/wp-content\/uploads\/2023\/01\/slide2.jpg);\"><\/div>\n                            <div class=\"col-lg-7 col-md-12 info\">\n                                <div class=\"content\">\n                                    <i class=\"flaticon-globe-grid\"><\/i>\n                                    <h2>Sunucu Sistemleri<\/h2>\n                                    <p>\n                                        \u0130\u015f yeriniz i\u00e7in gerekli olan sunucu \u00e7\u00f6z\u00fcmleri geni\u015f bir kategaoriye sahiptir. Firman\u0131z\u0131n hangi sekt\u00f6rde bulundu\u011fu, ka\u00e7 adet kullan\u0131c\u0131 ve ne ama\u00e7la kullan\u0131laca\u011f\u0131 sistemin kurulum a\u015famas\u0131nda belirlenmesi \u00f6nemlidir. Belirleyece\u011fimiz kriterlere uygun sunucu tipine g\u00f6re sistem kurulumu yap\u0131l\u0131r ve periyodik olarak verinin b\u00fcy\u00fckl\u00fc\u011f\u00fcne g\u00f6re veriler &#039;\u0130nternet Ortam\u0131na&#039; veya &#039;Nas&#039; cihaz\u0131na yedeklenir.                                    <\/p>\n                                    <ul>\n                                        <li>Son teknoloji sunucular ile kesintisiz hizmet.<\/li>\n                                        <li>SSD disk teknolojisi ile g\u00fc\u00e7lendirilmi\u015f h\u0131zl\u0131 veri ak\u0131\u015f\u0131.<\/li>\n                                        <li>T\u00fcm kullan\u0131c\u0131lar\u0131 tek bir yerden y\u00f6netme imkan\u0131.<\/li>\n                                    <\/ul>\n                            \n                        <\/div>\n                            <\/div>\n                        <\/div>\n                    <\/div>\n\n                \n                    <div id=\"tab5\" class=\"tab-pane fade \">\n                        <div class=\"row\">\n                            <div class=\"col-lg-5 col-md-12 thumb\" style=\"background-image: url(https:\/\/datcombilisim.com\/wp-content\/uploads\/2023\/01\/slide1.jpg);\"><\/div>\n                            <div class=\"col-lg-7 col-md-12 info\">\n                                <div class=\"content\">\n                                    <i class=\"flaticon-globe-grid\"><\/i>\n                                    <h2>Lisansl\u0131 Yaz\u0131l\u0131m<\/h2>\n                                    <p>\n                                        Yaz\u0131l\u0131m lisans\u0131, telif hakk\u0131 sahibinin (yaz\u0131l\u0131m \u00fcreticisinin) haklar\u0131n\u0131 koruyan bir belgedir. Her bir yaz\u0131l\u0131m i\u00e7in lisans almak \u015fartt\u0131r; bu \u00fcreticinin telif hakk\u0131n\u0131 \u00e7i\u011fnemedi\u011finizi, eme\u011finin kar\u015f\u0131l\u0131\u011f\u0131n\u0131 verdi\u011finizi g\u00f6sterir. Telif hakk\u0131 sahibinin haklar\u0131 yasalarla da korunur. Telif hakk\u0131 yasalar\u0131, insanlar\u0131n izin almaks\u0131z\u0131n yaz\u0131l\u0131m kopyalayamayaca\u011f\u0131n\u0131 a\u00e7\u0131k\u00e7a beyan eder. Hi\u00e7 kimse telif hakk\u0131 sahibinin izni olmadan, eme\u011fini kopyalay\u0131p da\u011f\u0131tamaz ve kullanamaz. E\u011fer, izinsiz olarak bir bilgisayar program\u0131n\u0131 kopyalar veya yasal olmayan bir kopyas\u0131n\u0131 bir ba\u015fkas\u0131na tedarik ederseniz, kanunlar\u0131 \u00e7i\u011fnemi\u015f say\u0131l\u0131rs\u0131n\u0131z.                                    <\/p>\n                                    <ul>\n                                        <li>Teknik destek g\u00fcvencesi.<\/li>\n                                        <li>Cezai yapt\u0131r\u0131mlarla kar\u015f\u0131 kar\u015f\u0131ya kalmazs\u0131n\u0131z.<\/li>\n                                        <li>Vir\u00fcs ve hatal\u0131 \u00fcr\u00fcn tehlikesine kar\u015f\u0131 etkin korunma.<\/li>\n                                    <\/ul>\n                            \n                        <\/div>\n                            <\/div>\n                        <\/div>\n                    <\/div>\n\n                \n                    <div id=\"tab6\" class=\"tab-pane fade \">\n                        <div class=\"row\">\n                            <div class=\"col-lg-5 col-md-12 thumb\" style=\"background-image: url(https:\/\/datcombilisim.com\/wp-content\/uploads\/2022\/07\/slide4.jpg);\"><\/div>\n                            <div class=\"col-lg-7 col-md-12 info\">\n                                <div class=\"content\">\n                                    <i class=\"flaticon-globe-grid\"><\/i>\n                                    <h2>Donan\u0131m ve Sarf Mazleme<\/h2>\n                                    <p>\n                                        Datcom m\u00fc\u015fterilerin teknolojik olarak t\u00fcm ihtiya\u00e7lar\u0131na cevap verebilmektedir. Donan\u0131m ve Sarf malzeme tedari\u011finde distrib\u00fct\u00f6r anla\u015fmas\u0131 olan bir \u00e7ok kuruma \u00fcyeli\u011fi bulunmaktad\u0131r.                                    <\/p>\n                                    <ul>\n                                        <li>Garantili Orjinal veya Muadil Sarf Malzeme Tedari\u011f.<\/li>\n                                        <li>Hert\u00fcrl\u00fc Donan\u0131m Tedari\u011fi.<\/li>\n                                        <li>Bilgisayar, Yaz\u0131c\u0131, OEM Donan\u0131mlar v.b. Tedari\u011fi.<\/li>\n                                    <\/ul>\n                            \n                        <\/div>\n                            <\/div>\n                        <\/div>\n                    <\/div>\n\n                \n        <\/div>\n            <\/div>\n        <\/div>\n    <\/div>\n    <!-- End Services Area -->\n\n    \t\t<\/div>\n\t\t\t\t<\/div>\n\t\t\t\t\t<\/div>\n\t\t<\/div>\n\t\t\t\t\t\t\t<\/div>\n\t\t<\/section>\n\t\t\t\t\t\t\t<\/div>\n\t\t","protected":false},"excerpt":{"rendered":"<p>H\u0130ZMETLER\u0130M\u0130Z Sizlere S\u00fcrd\u00fcr\u00fclebilir \u00c7\u00f6z\u00fcmler Sunuyoruz&#8230; Kurumsal Servis Anla\u015fmas\u0131 A\u011f ve \u0130nternet \u00c7\u00f6z\u00fcmleri \u0130nternet ve Veri G\u00fcvenli\u011fi (KVKK) Sunucu ve Yedekleme \u00c7\u00f6z\u00fcmleri Microsoft ve Autodesk \u00dcr\u00fcnleri Lisanlamalar\u0131 Donan\u0131m ve Sarf Malzeme \u00c7\u00f6z\u00fcmleri Kurumsal Bilgi \u0130\u015flem \u00c7\u00f6z\u00fcmleri; Kurumsal Bak\u0131m Anla\u015fmas\u0131, yap\u0131lan anla\u015fmaya g\u00f6re, mesai saatleri i\u00e7erisinde, Bilgisayar Donan\u0131m\u0131, i\u00e7inde bulunan yaz\u0131l\u0131mlar veya bilgisayar \u00e7evre birimleri ile ilgili [&hellip;]<\/p>\n","protected":false},"author":990002,"featured_media":3163,"parent":0,"menu_order":0,"comment_status":"closed","ping_status":"closed","template":"page-templates\/pages-image.php","meta":[],"_links":{"self":[{"href":"https:\/\/datcombilisim.com\/index.php?rest_route=\/wp\/v2\/pages\/397"}],"collection":[{"href":"https:\/\/datcombilisim.com\/index.php?rest_route=\/wp\/v2\/pages"}],"about":[{"href":"https:\/\/datcombilisim.com\/index.php?rest_route=\/wp\/v2\/types\/page"}],"author":[{"embeddable":true,"href":"https:\/\/datcombilisim.com\/index.php?rest_route=\/wp\/v2\/users\/990002"}],"replies":[{"embeddable":true,"href":"https:\/\/datcombilisim.com\/index.php?rest_route=%2Fwp%2Fv2%2Fcomments&post=397"}],"version-history":[{"count":10,"href":"https:\/\/datcombilisim.com\/index.php?rest_route=\/wp\/v2\/pages\/397\/revisions"}],"predecessor-version":[{"id":3179,"href":"https:\/\/datcombilisim.com\/index.php?rest_route=\/wp\/v2\/pages\/397\/revisions\/3179"}],"wp:featuredmedia":[{"embeddable":true,"href":"https:\/\/datcombilisim.com\/index.php?rest_route=\/wp\/v2\/media\/3163"}],"wp:attachment":[{"href":"https:\/\/datcombilisim.com\/index.php?rest_route=%2Fwp%2Fv2%2Fmedia&parent=397"}],"curies":[{"name":"wp","href":"https:\/\/api.w.org\/{rel}","templated":true}]}}