{"id":113,"date":"2022-01-28T09:17:39","date_gmt":"2022-01-28T09:17:39","guid":{"rendered":"https:\/\/wordpressriverthemes.com\/tanda-elem\/?page_id=113"},"modified":"2023-01-22T03:51:34","modified_gmt":"2023-01-22T00:51:34","slug":"about-us","status":"publish","type":"page","link":"https:\/\/datcombilisim.com\/?page_id=113","title":{"rendered":"Hakk\u0131m\u0131zda"},"content":{"rendered":"\t\t<div data-elementor-type=\"wp-page\" data-elementor-id=\"113\" class=\"elementor elementor-113\">\n\t\t\t\t\t\t\t\t\t<section class=\"elementor-section elementor-top-section elementor-element elementor-element-247951c elementor-section-full_width elementor-section-height-default elementor-section-height-default\" data-id=\"247951c\" data-element_type=\"section\">\n\t\t\t\t\t\t<div class=\"elementor-container elementor-column-gap-no\">\n\t\t\t\t\t<div class=\"elementor-column elementor-col-100 elementor-top-column elementor-element elementor-element-b6a1e91\" data-id=\"b6a1e91\" data-element_type=\"column\">\n\t\t\t<div class=\"elementor-widget-wrap elementor-element-populated\">\n\t\t\t\t\t\t\t\t<div class=\"elementor-element elementor-element-1eaa697 elementor-widget elementor-widget-about\" data-id=\"1eaa697\" data-element_type=\"widget\" data-widget_type=\"about.default\">\n\t\t\t\t<div class=\"elementor-widget-container\">\n\t\t\t\n        <!-- Star About Area\n    ============================================= -->\n    <div class=\"about-area inc-shape default-padding\">\n        <div class=\"container\">\n            <div class=\"row\">\n                <div class=\"col-lg-6\">\n                    <div class=\"thumb\">\n                        <img decoding=\"async\" src=\"https:\/\/datcombilisim.com\/wp-content\/uploads\/2022\/07\/slide6.jpg\" alt=\"Thumb\">\n                        <img decoding=\"async\" src=\"https:\/\/wordpressriverthemes.com\/tanda-elem\/wp-content\/uploads\/2022\/01\/2-1.jpg\" alt=\"Thumb\">\n                        <div class=\"overlay\">\n                            <div class=\"content\">\n                                <h4>Bili\u015fim Sekt\u00f6r\u00fcnde 22.Y\u0131l<\/h4>\n                            <\/div>\n                        <\/div>\n                    <\/div>\n                <\/div>\n                <div class=\"col-lg-5 offset-lg-1 info\">\n                    <h2>Datcom Bilgi Teknolojileri ;<\/h2>\n                    <p>\n                        2001 y\u0131l\u0131nda kurulan Technobil Bilgisayar Hizmetleri isimli firmam\u0131zdan, kurumsalla\u015fma yolunda 2014 y\u0131l\u0131nda bayra\u011f\u0131 devralm\u0131\u015ft\u0131r. Bili\u015fim sekt\u00f6r\u00fcnde artan deneyimi ile yaz\u0131l\u0131m, donan\u0131m, proje yaratma, uygulama, geli\u015ftirme, dan\u0131\u015fmanl\u0131k, her t\u00fcrl\u00fc sistem bak\u0131m ve onar\u0131m hizmetlerini m\u00fc\u015fterisine \u00f6zel bir anlay\u0131\u015fla sunmaktad\u0131r. Farkl\u0131 sekt\u00f6rlerde hizmet verdi\u011fi y\u00fczlerce m\u00fc\u015fterisinden edindi\u011fi deneyim ve birikimi ile ba\u015far\u0131 \u00e7\u0131tas\u0131n\u0131 daha da y\u00fckseltip globalle\u015fmeyi hedeflemektedir.  \n                    <\/p>\n                    <ul>\n                                                <li>\n                            <div class=\"icon\">\n                                <i class=\"flaticon-certification\"><\/i>\n                            <\/div>\n                            <div class=\"info\">\n                                <h4>Donan\u0131m Partnerleri<\/h4>\n                                <p>\n                                    Firmam\u0131z HP,  DELL ve SEAGATE partneridir.                                <\/p>\n                            <\/div>\n                        <\/li>\n                                                <li>\n                            <div class=\"icon\">\n                                <i class=\"flaticon-award-star-with-olive-branches\"><\/i>\n                            <\/div>\n                            <div class=\"info\">\n                                <h4>Yaz\u0131l\u0131m Partnerleri<\/h4>\n                                <p>\n                                    Firmam\u0131z MICROSOFT, AUTODESK lisanslamas\u0131 yapabilmektedir.                                <\/p>\n                            <\/div>\n                        <\/li>\n                        \n                    <\/ul>\n                    <div class=\"author\">\n                        <div class=\"signature\">\n                            <img decoding=\"async\" src=\"https:\/\/datcombilisim.com\/wp-content\/uploads\/2023\/01\/dell-partner.png\" alt=\"signature\">\n                        <\/div>\n                        <div class=\"intro\">\n                            <h5><\/h5>\n                            <span>info@datcom.com.tr<\/span>\n                        <\/div>\n                    <\/div>\n                <\/div>\n            <\/div>\n        <\/div>\n    <\/div>\n    <!-- End About Area -->\n\n\t\t<\/div>\n\t\t\t\t<\/div>\n\t\t\t\t\t<\/div>\n\t\t<\/div>\n\t\t\t\t\t\t\t<\/div>\n\t\t<\/section>\n\t\t\t\t<section class=\"elementor-section elementor-top-section elementor-element elementor-element-29921a2 elementor-section-full_width elementor-section-height-default elementor-section-height-default\" data-id=\"29921a2\" data-element_type=\"section\">\n\t\t\t\t\t\t<div class=\"elementor-container elementor-column-gap-no\">\n\t\t\t\t\t<div class=\"elementor-column elementor-col-100 elementor-top-column elementor-element elementor-element-eee7849\" data-id=\"eee7849\" data-element_type=\"column\">\n\t\t\t<div class=\"elementor-widget-wrap\">\n\t\t\t\t\t\t\t\t\t<\/div>\n\t\t<\/div>\n\t\t\t\t\t\t\t<\/div>\n\t\t<\/section>\n\t\t\t\t\t\t\t<\/div>\n\t\t","protected":false},"excerpt":{"rendered":"<p>Bili\u015fim Sekt\u00f6r\u00fcnde 22.Y\u0131l Datcom Bilgi Teknolojileri ; 2001 y\u0131l\u0131nda kurulan Technobil Bilgisayar Hizmetleri isimli firmam\u0131zdan, kurumsalla\u015fma yolunda 2014 y\u0131l\u0131nda bayra\u011f\u0131 devralm\u0131\u015ft\u0131r. Bili\u015fim sekt\u00f6r\u00fcnde artan deneyimi ile yaz\u0131l\u0131m, donan\u0131m, proje yaratma, uygulama, geli\u015ftirme, dan\u0131\u015fmanl\u0131k, her t\u00fcrl\u00fc sistem bak\u0131m ve onar\u0131m hizmetlerini m\u00fc\u015fterisine \u00f6zel bir anlay\u0131\u015fla sunmaktad\u0131r. Farkl\u0131 sekt\u00f6rlerde hizmet verdi\u011fi y\u00fczlerce m\u00fc\u015fterisinden edindi\u011fi deneyim ve birikimi [&hellip;]<\/p>\n","protected":false},"author":990002,"featured_media":3163,"parent":0,"menu_order":0,"comment_status":"closed","ping_status":"closed","template":"page-templates\/pages-image.php","meta":[],"_links":{"self":[{"href":"https:\/\/datcombilisim.com\/index.php?rest_route=\/wp\/v2\/pages\/113"}],"collection":[{"href":"https:\/\/datcombilisim.com\/index.php?rest_route=\/wp\/v2\/pages"}],"about":[{"href":"https:\/\/datcombilisim.com\/index.php?rest_route=\/wp\/v2\/types\/page"}],"author":[{"embeddable":true,"href":"https:\/\/datcombilisim.com\/index.php?rest_route=\/wp\/v2\/users\/990002"}],"replies":[{"embeddable":true,"href":"https:\/\/datcombilisim.com\/index.php?rest_route=%2Fwp%2Fv2%2Fcomments&post=113"}],"version-history":[{"count":37,"href":"https:\/\/datcombilisim.com\/index.php?rest_route=\/wp\/v2\/pages\/113\/revisions"}],"predecessor-version":[{"id":3290,"href":"https:\/\/datcombilisim.com\/index.php?rest_route=\/wp\/v2\/pages\/113\/revisions\/3290"}],"wp:featuredmedia":[{"embeddable":true,"href":"https:\/\/datcombilisim.com\/index.php?rest_route=\/wp\/v2\/media\/3163"}],"wp:attachment":[{"href":"https:\/\/datcombilisim.com\/index.php?rest_route=%2Fwp%2Fv2%2Fmedia&parent=113"}],"curies":[{"name":"wp","href":"https:\/\/api.w.org\/{rel}","templated":true}]}}